{"id":9,"date":"2015-04-20T19:32:06","date_gmt":"2015-04-20T19:32:06","guid":{"rendered":"http:\/\/www.inged.cz\/?page_id=9"},"modified":"2023-01-06T11:41:02","modified_gmt":"2023-01-06T11:41:02","slug":"nabidka-sluzeb","status":"publish","type":"page","link":"http:\/\/www.inged.cz\/en\/","title":{"rendered":"Our Services"},"content":{"rendered":"<h2 style=\"text-align: center;\">Complete <span class=\"orange-part\">masonry and construction<\/span> work<\/h2>\n<h4 style=\"text-align: center;\"><strong>Would you like something new in your apartment?&nbsp; <\/strong><\/h4>\n<h4 style=\"text-align: center;\"><strong>Improve your house or garden? <\/strong><\/h4>\n<h4 style=\"text-align: center;\"><strong>Do you want to build something new?<\/strong><\/h4>\n<h4 style=\"text-align: center;\"><strong>You don't know how to do it?<\/strong><\/h4>\n<h3 style=\"text-align: center;\"><strong>We will make it <span class=\"orange-part\">exactly according to your ideas<\/span><\/strong><strong>.<\/strong><\/h3>\n<p style=\"text-align: left;\">We have been working in the construction industry for many years. With us you can be sure of high quality, which is confirmed by the&nbsp;<a title=\"Our selected references\" href=\"http:\/\/www.inged.cz\/en\/reference\/\">references<\/a> of our satisfied customers. We perform all masonry and construction work from small-scale orders to complete reconstruction of apartments, commercial premises, houses or their new-built construction.<\/p>\n<div class=\"art-content-layout-wrapper layout-item-0\">\n<div class=\"art-content-layout\">\n<div class=\"art-content-layout-row responsive-layout-row-2\">\n<div class=\"art-layout-cell\" style=\"width:50%\"><strong>We offer wide range of services:<\/strong><\/p>\n<ul>\n<li>Reconstruction and modernisation of the building:\n<ul>\n<li>houses and flats<\/li>\n<li>bathrooms, apartment cores<\/li>\n<li>non-residential premises<\/li>\n<\/ul>\n<\/li>\n<\/ul>\n<ul>\n<li>All-inclusive construction work<\/li>\n<li>Tiling and paving work<\/li>\n<li>Work with natural stone<\/li>\n<li>Plasterboard work<\/li>\n<li>Demolition work<\/li>\n<li>Plastering (interior and exterior)<\/li>\n<li>Implementation of outdoor modifications<\/li>\n<li>Provision and delivery of materials<\/li>\n<li>Provision of container transport<\/li>\n<li>Individual small works<\/li>\n<\/ul>\n<p>Including:<\/p>\n<ul>\n<li>non-binding personal visit directly to the customer<\/li>\n<li>free quotation<\/li>\n<\/ul>\n<\/div>\n<div class=\"art-layout-cell\" style=\"width:50%\"><strong>Thanks to our partners in other areas of the construction industry, we provide:<\/strong><\/p>\n<ul>\n<li>plumbing work<\/li>\n<li>electrical work<\/li>\n<li>gasman work<\/li>\n<li>whitesmith work<\/li>\n<\/ul>\n<p><strong>You can rely on a professional team that will guarantee:<\/strong><\/p>\n<ul>\n<li>realization of your wishes and requirements at the best possible level<\/li>\n<li>personal approach and maximal diligence<\/li>\n<li>responsibility<\/li>\n<li>reasonable prices<\/li>\n<li>meeting the agreed deadlines<\/li>\n<\/ul>\n<p><a href=\"http:\/\/www.inged.cz\/wp-content\/uploads\/2015\/04\/IMG_31761.jpg\"><img decoding=\"async\" loading=\"lazy\" class=\"frontimage wp-image-318 size-medium\" src=\"http:\/\/www.inged.cz\/wp-content\/uploads\/2015\/04\/IMG_31761-440x257.jpg\" alt=\"IMG_3176\" width=\"440\" height=\"257\" srcset=\"http:\/\/www.inged.cz\/wp-content\/uploads\/2015\/04\/IMG_31761-440x257.jpg 440w, http:\/\/www.inged.cz\/wp-content\/uploads\/2015\/04\/IMG_31761-904x529.jpg 904w, http:\/\/www.inged.cz\/wp-content\/uploads\/2015\/04\/IMG_31761.jpg 1000w\" sizes=\"(max-width: 440px) 100vw, 440px\" \/><\/a><\/p>\n<\/div>\n<\/div>\n<\/div>\n<\/div>\n<p style=\"text-align: center;\">If you have any questions, please <a title=\"Contact\" href=\"http:\/\/www.inged.cz\/en\/kontakty\/\">contact us<\/a>. We will be happy to advise you and take care of your order.<\/p>\n<blockquote style=\"text-align: center;\"><p>\nWe appreciate every type of order. We will advise, help and arrange everything for you. The main goal is your satisfaction from our well done work. Thank you for your trust and we look forward to working with you.<\/p><\/blockquote>","protected":false},"excerpt":{"rendered":"<p>Kompletn\u00ed pr\u00e1ce Cht\u011bli byste n\u011bco nov\u00e9ho ve sv\u00e9m byt\u011b?&nbsp; Zdokonalit d\u016fm \u010di zahradu? Chcete stav\u011bt? Nev\u00edte si s&nbsp;n\u011b\u010d\u00edm rady? Ud\u011bl\u00e1me&nbsp;to pro V\u00e1s . V oboru stavebnictv\u00ed pracujeme ji\u017e&nbsp;mnoho let. U n\u00e1s m\u00e1te jistotu kvalitn\u011b odveden\u00e9 pr\u00e1ce, co\u017e potvrzuj\u00ed i&nbsp;reference na\u0161ich spokojen\u00fdch z\u00e1kazn\u00edk\u016f. Prov\u00e1d\u00edme ve\u0161ker\u00e9 zednick\u00e9 a stavebn\u00ed pr\u00e1ce od zak\u00e1zek mal\u00e9ho rozsahu a\u017e po kompletn\u00ed [&hellip;]<\/p>","protected":false},"author":1,"featured_media":0,"parent":0,"menu_order":0,"comment_status":"closed","ping_status":"closed","template":"","meta":[],"_links":{"self":[{"href":"http:\/\/www.inged.cz\/en\/wp-json\/wp\/v2\/pages\/9"}],"collection":[{"href":"http:\/\/www.inged.cz\/en\/wp-json\/wp\/v2\/pages"}],"about":[{"href":"http:\/\/www.inged.cz\/en\/wp-json\/wp\/v2\/types\/page"}],"author":[{"embeddable":true,"href":"http:\/\/www.inged.cz\/en\/wp-json\/wp\/v2\/users\/1"}],"replies":[{"embeddable":true,"href":"http:\/\/www.inged.cz\/en\/wp-json\/wp\/v2\/comments?post=9"}],"version-history":[{"count":34,"href":"http:\/\/www.inged.cz\/en\/wp-json\/wp\/v2\/pages\/9\/revisions"}],"predecessor-version":[{"id":399,"href":"http:\/\/www.inged.cz\/en\/wp-json\/wp\/v2\/pages\/9\/revisions\/399"}],"wp:attachment":[{"href":"http:\/\/www.inged.cz\/en\/wp-json\/wp\/v2\/media?parent=9"}],"curies":[{"name":"wp","href":"https:\/\/api.w.org\/{rel}","templated":true}]}}